{"id":237,"date":"2025-12-18T23:50:57","date_gmt":"2025-12-18T23:50:57","guid":{"rendered":"http:\/\/dtasymposium.org\/?page_id=237"},"modified":"2025-12-19T00:15:57","modified_gmt":"2025-12-19T00:15:57","slug":"dta2025","status":"publish","type":"page","link":"http:\/\/dtasymposium.org\/?page_id=237","title":{"rendered":"DTA 2025"},"content":{"rendered":"\n<p>DTA2025 was held in Salerno, Italy, from 15 to19 September.<\/p>\n\n\n\n<p><strong>Content<\/strong><\/p>\n\n\n\n<p><a href=\"http:\/\/dtasymposium.org\/dtasymposia\/DTA2025\/DTA2025_program.pdf\" target=\"_blank\" rel=\"noreferrer noopener\">Original program<\/a><\/p>\n\n\n\n<p><a href=\"http:\/\/dtasymposium.org\/dtasymposia\/DTA2025\/DTA2025_abstract_book.pdf\">Abstract book<\/a><\/p>\n\n\n\n<p><strong>Local organising committee<\/strong><\/p>\n\n\n\n<p>Chairs<\/p>\n\n\n\n<p>Giulio Cantarella, University of Salerno<br>Stefano de Luca, University of Salerno<br>Roberto Di Pace, University of Salerno<br>Chiara Fiori, University of Salerno<\/p>\n\n\n\n<p>Supported by the Italian Association of Transport Academics (SIDT)<\/p>\n\n\n\n<p><strong>Presented papers<\/strong><\/p>\n\n\n\n<p>Dynamic Simulation Framework to Assess the impact of Variable Speed Limit Strategies<br><em>Chiara Colombaroni (University of Rome La Sapienza), Gaetano Fusco (University of Rome La Sapienza), Natalia Isaenko (University of Rome La Sapienza), Filippo Carrese (University of Rome La Sapienza), Roberta Di Pace (University of Salerno), Stefano de Luca (University of Salerno), Facundo Storani (University of  alerno), Behnood Baiky (University of Salerno) and Saeed Mansouryar (University of Rome La Sapienza)<\/em><\/p>\n\n\n\n<p>Online Application of Short-Term Traffic Prediction Integrating Simulation-Based Dynamic Traffic Assignment and Bayesian Filtering<br><em>Andrea Gemma (Universit\u00e0 di Roma Tre), Natalia Isaenko (Sapienza University of Rome), Ernesto Cipriani (Universit\u00e0 Roma Tre), Chiara Colombaroni (Sapienza University of Rome) and Gaetano Fusco (Sapienza University of Rome)<\/em><\/p>\n\n\n\n<p>Localized Queue Spillback Modeling for Dynamic Traffic Assignment with Uncertain Demand<br><em>Jake Robbennolt (University of Texas at Austin), Debojjal Bagchi (University of Texas at Austin) and Stephen Boyles (University of Texas at Austin)<\/em><\/p>\n\n\n\n<p>A performance-impact based strategy for multi-level speed harmonization in mixed traffic conditions<br><em>Maria Nadia Postorino (University of Bologna), Luca Mantecchini (University of Bologna), Caterina Malandri (University of Bologna), Roberta Di Pace (University of Salerno) and Stefano de Luca (University of Salerno) <\/em><\/p>\n\n\n\n<p>Optimizing Traffic Flow in Connected and Autonomous Vehicle Environments through Lane Drop Strategies.<em><br>Mario Marinelli (Polytechnic University of Bari), Salvatore Viscio (Polytechnic University of Bari), Nadia Giuffrida (Polytechnic University of Bari), Mario Binetti (Polytechnic University of Bari), Roberta Di Pace (University of Salerno), Franco Filippi (University of Salerno) and Stefano de Luca (University of Salerno)<\/em><\/p>\n\n\n\n<p>Quantifying Traffic State Vulnerability at Highway Bottleneck Networks Using Lyapunov Exponents<br><em>Hye-young Tak (Korea Advanced Institute of Science &amp; Technology &#8211; KAIST) Hwasoo Yeo (Korea Advanced Institute of Science &amp; Technology &#8211; KAIST) <\/em><\/p>\n\n\n\n<p>Experimental study on characteristics of autonomous vehicles under different loads<br><em>Shi-Teng Zheng (Beijing Jiaotong University), Jian Shang (Beijing Jiaotong University) and Rui Jiang (Beijing Jiaotong University)<\/em><\/p>\n\n\n\n<p>An operational alternative to origin\/destination matrices<br><em>Gunnar Fl\u00f6tter\u00f6d (Link\u00f6ping University and Swedish National Road and<br>Transport Research Institute)<\/em><\/p>\n\n\n\n<p>On the Control of Connected and Automated Vehicles as Moving Bottlenecks in Freeway Traffic<br><em>Nikolas Sacchi (University of Pavia) and Antonella Ferrara (University of Pavia)<\/em><\/p>\n\n\n\n<p>Transportation network risk analysis through stochastic link fundamental flow diagram<br><em>Giulio Erberto Cantarella (University of Salerno), Orlando Giannattasio (Politecnico di Bari) and Antonino Vitetta (University Mediterranea of Reggio Calabria)<\/em><\/p>\n\n\n\n<p>Efficient Gradient-Based Calibrations with A Differentiable Dynamic Traffic Assignment (DTA)<br>Simulation Model by Iterative Backpropagation (IB) And Auto-Differentiation<br><em>Kejun Du (The Hong Kong University of Science and Technology), Qiru Ma (The Hong Kong University of Science and Technology), Enoch Lee (The Hong Kong Polytechnic University), and Hong Lo (The Hong Kong University of Science and Technology)<\/em><\/p>\n\n\n\n<p>Coexistence of human drivers and CAVs &#8211; behavioral models and long-term properties<br><em>Grzegorz Jamr\u00f3z (Jagiellonian University), Gunnar Fl\u00f6tter\u00f6d (Link\u00f6ping University), Rafa\u0142 Kucharski (Jagiellonian University) and David Watling (University of Leeds)<\/em><\/p>\n\n\n\n<p>Population Synthesis using Deep Generative Models for Agent-based Simulations<br><em>Sangkuk Kim (Korea University) and Simon Oh (Korea University). <\/em><br><br>Intelligent Video Analytics for I2V communication: an experimental approach based on dynamic traffic<br>assignment<br><em>Marisdea Castiglione (Universit\u00e0 di Roma Tre) and Marialisa Nigro (Universit\u00e0 Roma Tre)<\/em><\/p>\n\n\n\n<p>Agent-Based Simulation Considering Parking Search and Choice Behavior Using Bayesian Inference<br><em>Prakash Ranjan (University of Connecticut), Fatemeh Fakhrmoosavi (University of Connecticut), Krishna M. Gurumurthy (Argonne National Laboratory), Abdelrahman Ismael (Argonne National Laboratory) and<br>Nazmul A. Khan (Argonne National Laboratory) <\/em><\/p>\n\n\n\n<p>Introducing the Flex-GLS Framework: Harnessing Crowd- Sourced Flexibility Data to Enhance Accuracy in Dynamic Origin-Destination Matrices Estimation<br><em>Marisdea Castiglione (Universit\u00e0 di Roma Tre), Guido Cantelmo (Denmark Technical University), Ernesto Cipriani (Universit\u00e0 di Roma Tre) and Marialisa Nigro (Universit\u00e0 Roma Tre)<\/em><\/p>\n\n\n\n<p>Dynamic traffic assignment in a trip-based multireservoir model<br><em>Jean-Patrick Lebacque (University Gustave Eiffel) and Megan Khoshyaran (Economics Traffic Clinic)<\/em><\/p>\n\n\n\n<p>A Projection-Based Dynamic System Optimum Emulated Using Macroscopic Fundamental Diagram Dynamics on Regional Networks<br><em>Mostafa Ameli (University Gustave Eiffel), Sergio Batista (Imperial College London), Monica Menendez (New York University Abu Dhabi) and Jean Patrick Lebacque (University Gustave Eiffel)<\/em><br>Experiments concerning Macroscopic Fundamental Diagram-Based Multi-scale Modelling of Traffic Flow<br><em>Alessio Tesone (University of Naples \u201cFederico II\u201d), Waheed Imran (University of Naples \u201cFederico II\u201d), Luigi Pariota (University of Naples \u201cFederico II\u201d), Gennaro Nicola Bifulco (University of Naples \u201cFederico II\u201d), Facundo Storani (University of Salerno), Roberta Di Pace (University of Salerno) and Stefano<br>de Luca (University of Salerno)<\/em><\/p>\n\n\n\n<p>Large Scale Traffic Control of a Mixed Network <br><em>Franco Filippi (University of Salerno), Facundo Storani (University of Salerno), Roberta Di Pace (University of Salerno) and Stefano de Luca (University of Salerno)<\/em><\/p>\n\n\n\n<p>Impact of Electric Vehicle Subsidies on a Mixed Urban Delivery Fleet<br><em>Yongling Gao (Central University of Finance and Economics), Yuan Qiao (Central University of Finance and Economics) and Meng Xu (Beijing Jiaotong University)<\/em><\/p>\n\n\n\n<p>Optimizing Volunteer Assignment and Routing to Service Centers in Non-Profit Food Banking Under Equity Constraints<br><em>Hiruni Niwunhella (North Carolina State University), Mehr Salami (North Carolina State University), Leila Hajibabai (North Carolina State University) and Faisal Alkaabneh (American University of Sharjah)<\/em><\/p>\n\n\n\n<p>Sensitivity Analysis Through A Multi-objective Dynamic User Equilibrium Assignment Formulation<br><em>Sadullah Goncu (Fatih Sultan Mehmet Vakif University), Mehmet Ali Silgu (Bartin University) and Hilmi Berk Celikoglu (Technical University of Istanbul)<\/em><\/p>\n\n\n\n<p>Markov-chain-based model for the evolutionary process of self-financed shared mobility systems: Theoretical assessments<br><em>Takamasa Iryo (University of Tokyo), David Watling (University of Leeds), Koki Satsukawa (Kanazawa University), Richard Connors (Luxembourg Institute of Science and Technology), Haruko Nakao (University of Luxembourg) and Sowa Suzuki (Tohoku University)<\/em><\/p>\n\n\n\n<p>Assessing the evolutionary process of self-financed shared mobility systems: A laboratory experimental<br>approach<br><em>Haruki Takiguchi, Sowa Suzuki (Tohoku University), Takamasa Iryo (University of Tokyo), Koki Satsukawa (Kanazawa University) and Haruko Nakao (University of Luxembourg)<\/em><\/p>\n\n\n\n<p>Exploring multiple traffic assignment solutions resulting from economies of scale <br><em>Gunnar Fl\u00f6tter\u00f6d (Link\u00f6ping University and Swedish National Road and Transport Research Institute) and David Watling (University of Leeds)<\/em><br>Run choice modelling in High Speed Rail (HSR) services from day-to-day ticket evolution<br><em>Giuseppe Musolino (Universit\u00e0 Mediterranea of Reggio Calabria) and Domenico Sgro (Universit\u00e0 Mediterranea of Reggio Calabria)<\/em><\/p>\n\n\n\n<p>Equilibrium and Day-to-Day assignment with Weibit route choice model<br><em>Giulio Erberto Cantarella (University of Salerno) and Chiara Fiori (University of Salerno)<\/em><\/p>\n\n\n\n<p>A dynamic model for route choices updating in urban areas with risk conditions<br><em>Francesco Russo (University Mediterranea of Reggio Calabria) and Marialuisa Moschella (University Mediterranea of Reggio Calabria)<\/em><\/p>\n\n\n\n<p>Assessing the resilience of a road transport network: a dynamic approach<br><em>Massimo Di Gangi (University of Messina), Orlando Marco Belcore (University of Messina) and Antonio Polimeni (University of Messina)<\/em><\/p>\n\n\n\n<p>A Link-Time-Based Method for Semi-Discretized Dynamic Traffic Assignment<br><em>Jiang Qian Ying (Faculty of Regional Studies, Gifu University) <\/em><\/p>\n\n\n\n<p>Marginal Congestion Costs, Implications in a Dynamic Context<br><em>Jeroen Verstraete (KU Leuven) and Chris Tampere (KU Leuven) <\/em><\/p>\n\n\n\n<p>Enhancing Operations through Integrated Heterogeneous Multi-depot Vehicle Scheduling and Transit Assignment<br><em>Prateek Agarwal (Indian Institute of Science), Prashanth Kokkonda (Indian Institute of Science) and Tarun Rambha (Indian Institute of Science)<\/em><\/p>\n\n\n\n<p>Accelerating convergence in Capacitated Schedule-Based Dynamic Transit Assignments<br><em>Lory Michelle Bresciani Miristice (University of Rome La Sapienza), Guido Gentile (University of Rome La Sapienza), Daniele Tiddi (PTV Group) and Lorenzo Meschini (PTV Group)<\/em><\/p>\n\n\n\n<p>Equilibrium Analysis and Fare-Reward Scheme for Transit Morning Commute Considering the Random Delay<br><em>Zhaorui Li (Beijing Jiaotong University), Jianan Cao (Beijing Transport Institute), Xiao Han (Beijing Jiaotong University) and Rui Jiang (Beijing Jiaotong Univers<\/em>ity)<\/p>\n\n\n\n<p>Incentive-Driven Utility-based Self-Rebalancing for Ride-Hailing Service<br><em>Jihu Kim (Korea Advanced Institute of Science &amp; Technology), Jeongyun Kim (Korea Advanced Institute of Science &amp; Technology) and Hwasoo Yeo (Korea Advanced Institute of Science &amp; Technology)<\/em><\/p>\n\n\n\n<p>Transit route design based on trip-based agglomeration of travel demand<br><em>Praveen Kumar (Indian Institute of Technology Kanpur), Partha Chakroborty (Indian Institute of Technology Kanpur) and Hemant Gehlot (Indian Institute of Technology Kanpur)<\/em><\/p>\n\n\n\n<p>A stochastic transit assignment with adaptive route choice<br><em>Oskar A.L. Eikenbroek (University of Twente) and Eric Van Berkum (University of Twente)<\/em><\/p>\n\n\n\n<p>A dynamic demand assignment in an underground transportation system for time-varying train loading<br>calculation<br><em>Lorenzo Mussone (Politecnico di Milano ABC) and Roberto Notari (Politecnico di Milano MAT)<\/em><\/p>\n\n\n\n<p>Deep Reinforcement Learning and Active Traffic Flow Control Policies for Extending the Life of Multi-Asset<br>Transportation Roadway Networks<br><em>Kostas Papakonstantinou (Pennsylvania State University), Mohammad Saifullah (Pennsylvania State University), Weiwen Zhou (Hong Kong Polytechnic University), Shelley Stoffels (Pennsylvania State  niversity) and Elise Miller-Hooks (George Mason University)<\/em><\/p>\n\n\n\n<p>Vulnerability assessment of High-speed Rail (HSR) networks: a schedule-based approach with a case study<br><em>Pierluigi Coppola (Politecnico di Milano), Francesco Guglielmi (Politecnico di Milano) and Pietro Mariano (Politecnico di Milano)<\/em><\/p>\n\n\n\n<p>Tradable Credit Scheme for Hybrid Traffic of Electric and Gasoline Vehicles under Elastic OD Demand<br><em>Guangmin Wang (China University of Geosciences), Shiyi Liu (China University of Geosciences) and Meng Xu (Beijing Jiaotong University)<\/em><\/p>\n\n\n\n<p>Congestion Management through Path Incentives and Tolls<br><em>Ramin Niroumand (Optym, North Carolina State University), Amin Hajbabaie (North Carolina State University) and Ali Hajbabaie (North Carolina State University)<\/em><\/p>\n\n\n\n<p>Pricing is All You Need to Improve Traffic Routing<br><em>Yu Tang (New York University), Kaan Ozbay (New York University) and Li Jin (Shanghai Jiao Tong University)<\/em><\/p>\n\n\n\n<p>Optimizing the Placement of Dedicated Lanes for Autonomous Vehicles in Large-Scale Networks: A<br>Simulation-based Framework<em><br>Ehsan Kamjoo (Michigan State University), Alireza Rostami (Michigan State University), Fatemeh Fakhrmoosavi (University of Connecticut) and Ali Zockaie (Michigan State University)<\/em><\/p>\n\n\n\n<p>The Dynamic Spatial Price Equilibrium Problem<br><em>Terry Friesz (Pennsylvania State University) and Cheng-Chang Lin (Pennsylvania State University)<\/em><\/p>\n\n\n\n<p>A Deep Learning Framework for User Equilibrium Estimation in Traffic Networks<br><em>Van Anh Le (Universit\u00e9 Gustave Eiffel), Mostafa Ameli (Universit\u00e9 Gustave Eiffel and University of California, Berkeley) and Alexander Skabardonis (University of California, Berkeley)<\/em><\/p>\n\n\n\n<p>New stable responsive local gating strategies to control vehicle queues and flows in congested urban networks<br><em>Michael Smith (University of York), Ronghui Liu (University of Leeds), Takamasa Iryo (University of Tokyo), Koki Satsukawa (Kanazawa University), Richard Mounce (RBM Traffic Solutions) and David Watling (University of Leeds)<\/em><\/p>\n\n\n\n<p><\/p>\n","protected":false},"excerpt":{"rendered":"<p>DTA2025 was held in Salerno, Italy, from 15 to19 September. Content Original program Abstract book Local organising committee Chairs Giulio Cantarella, University of SalernoStefano de Luca, University of SalernoRoberto Di Pace, University of SalernoChiara Fiori, University of Salerno Supported by the Italian Association of Transport Academics (SIDT) Presented papers Dynamic Simulation Framework to Assess the [&hellip;]<\/p>\n","protected":false},"author":1,"featured_media":0,"parent":9,"menu_order":0,"comment_status":"closed","ping_status":"closed","template":"","meta":{"footnotes":""},"class_list":["post-237","page","type-page","status-publish","hentry"],"_links":{"self":[{"href":"http:\/\/dtasymposium.org\/index.php?rest_route=\/wp\/v2\/pages\/237","targetHints":{"allow":["GET"]}}],"collection":[{"href":"http:\/\/dtasymposium.org\/index.php?rest_route=\/wp\/v2\/pages"}],"about":[{"href":"http:\/\/dtasymposium.org\/index.php?rest_route=\/wp\/v2\/types\/page"}],"author":[{"embeddable":true,"href":"http:\/\/dtasymposium.org\/index.php?rest_route=\/wp\/v2\/users\/1"}],"replies":[{"embeddable":true,"href":"http:\/\/dtasymposium.org\/index.php?rest_route=%2Fwp%2Fv2%2Fcomments&post=237"}],"version-history":[{"count":5,"href":"http:\/\/dtasymposium.org\/index.php?rest_route=\/wp\/v2\/pages\/237\/revisions"}],"predecessor-version":[{"id":244,"href":"http:\/\/dtasymposium.org\/index.php?rest_route=\/wp\/v2\/pages\/237\/revisions\/244"}],"up":[{"embeddable":true,"href":"http:\/\/dtasymposium.org\/index.php?rest_route=\/wp\/v2\/pages\/9"}],"wp:attachment":[{"href":"http:\/\/dtasymposium.org\/index.php?rest_route=%2Fwp%2Fv2%2Fmedia&parent=237"}],"curies":[{"name":"wp","href":"https:\/\/api.w.org\/{rel}","templated":true}]}}